{"id":5812,"date":"2024-12-26T11:41:26","date_gmt":"2024-12-26T16:41:26","guid":{"rendered":"https:\/\/laudenlaw.com\/?page_id=5812"},"modified":"2026-04-07T15:13:33","modified_gmt":"2026-04-07T20:13:33","slug":"shantell-cisneros","status":"publish","type":"page","link":"https:\/\/laudenlaw.com\/en\/profesionales\/shantell-cisneros\/","title":{"rendered":"Shantell Cisneros"},"content":{"rendered":"<div class=\"wpb-content-wrapper\"><p>[vc_row el_class=&#8221;page_head&#8221;][vc_column][vc_row_inner el_class=&#8221;main&#8221;][vc_column_inner][vc_custom_heading text=&#8221;Profesionales&#8221; font_container=&#8221;tag:h1|text_align:center|color:%23ffffff&#8221; use_theme_fonts=&#8221;yes&#8221;][\/vc_column_inner][\/vc_row_inner][vc_raw_html]JTVCQnJlYWRjcnVtYiU1RA==[\/vc_raw_html][\/vc_column][\/vc_row][vc_row el_class=&#8221;main&#8221; css=&#8221;.vc_custom_1526257036926{padding-top: 30px !important;padding-bottom: 30px !important;}&#8221;][vc_column width=&#8221;1\/4&#8243;][vc_single_image image=&#8221;7066&#8243; img_size=&#8221;full&#8221; style=&#8221;vc_box_rounded&#8221; css=&#8221;&#8221; el_class=&#8221;profile&#8221;][\/vc_column][vc_column width=&#8221;3\/4&#8243;][vc_custom_heading text=&#8221;Shantell Cisneros<br \/>\nConsultora Canad\u00e1&#8221; use_theme_fonts=&#8221;yes&#8221; css=&#8221;&#8221; link=&#8221;url:https%3A%2F%2Flaudenlaw.com%2Fprofesionales%2Fkhgcjfc%2F|title:Profesionales|target:_blank&#8221;][vc_row_inner][vc_column_inner el_class=&#8221;profile_data&#8221; width=&#8221;1\/3&#8243; offset=&#8221;vc_hidden-lg vc_hidden-md vc_hidden-sm vc_hidden-xs&#8221;][vc_single_image image=&#8221;91&#8243; img_size=&#8221;full&#8221; el_class=&#8221;ic_small&#8221;][vc_column_text css=&#8221;&#8221;]+593 00 000 0000\u00a0 (EC)[\/vc_column_text][\/vc_column_inner][vc_column_inner width=&#8221;1\/3&#8243; offset=&#8221;vc_hidden-lg vc_hidden-md vc_hidden-sm vc_hidden-xs&#8221;][vc_single_image image=&#8221;90&#8243; img_size=&#8221;full&#8221; el_class=&#8221;ic_small&#8221;][vc_column_text]<a href=\"tel:+59322928249\">+593 2 292 8249<\/a>[\/vc_column_text][\/vc_column_inner][vc_column_inner el_class=&#8221;profile_data&#8221; width=&#8221;1\/3&#8243; offset=&#8221;vc_hidden-lg vc_hidden-md vc_hidden-sm vc_hidden-xs&#8221;][vc_single_image image=&#8221;89&#8243; img_size=&#8221;full&#8221; el_class=&#8221;ic_small&#8221;][vc_column_text css=&#8221;&#8221;]blablabla@laudenlaw.com[\/vc_column_text][\/vc_column_inner][\/vc_row_inner][vc_column_text css=&#8221;&#8221;][\/vc_column_text][vc_column_text css=&#8221;&#8221;]Shantell Cisneros concentra su pr\u00e1ctica profesional en el <strong data-start=\"43\" data-end=\"62\">derecho laboral. <\/strong>Interviene de manera activa en la gesti\u00f3n y resoluci\u00f3n de conflictos laborales, abordando asuntos como <strong data-start=\"245\" data-end=\"312\">reintegros, homologaciones salariales y reparaciones econ\u00f3micas.<\/strong>[\/vc_column_text][\/vc_column][\/vc_row][vc_row el_class=&#8221;gray_file&#8221; css=&#8221;.vc_custom_1526256555854{border-bottom-width: 30px !important;padding-top: 30px !important;}&#8221;][vc_column][vc_row_inner el_class=&#8221;main&#8221;][vc_column_inner width=&#8221;1\/4&#8243;][vc_custom_heading text=&#8221;Participaciones Relevantes&#8221; use_theme_fonts=&#8221;yes&#8221;][\/vc_column_inner][vc_column_inner width=&#8221;3\/4&#8243;][vc_column_text css=&#8221;&#8221;]Entre sus actuaciones m\u00e1s significativas destacan:<\/p>\n<ul>\n<li>Participaci\u00f3n en casos de derecho laboral tanto en sector p\u00fablico como privado, gestionando reintegros, homologaciones salariales y reparaciones econ\u00f3micas para asegurar soluciones justas en disputas laborales.<\/li>\n<li>Participaci\u00f3n en el Arbitraje Internacional.<\/li>\n<\/ul>\n<p>[\/vc_column_text][\/vc_column_inner][\/vc_row_inner][\/vc_column][\/vc_row][vc_row css=&#8221;.vc_custom_1526256597147{border-bottom-width: 30px !important;padding-top: 30px !important;}&#8221;][vc_column][vc_row_inner el_class=&#8221;main&#8221;][vc_column_inner width=&#8221;1\/4&#8243;][vc_custom_heading text=&#8221;Educaci\u00f3n&#8221; use_theme_fonts=&#8221;yes&#8221;][\/vc_column_inner][vc_column_inner width=&#8221;3\/4&#8243;][vc_column_text css=&#8221;&#8221;]<\/p>\n<ul>\n<li>Abogada. Universidad de las Am\u00e9ricas.<\/li>\n<\/ul>\n<p>[\/vc_column_text][\/vc_column_inner][\/vc_row_inner][\/vc_column][\/vc_row][vc_row el_class=&#8221;gray_file&#8221; css=&#8221;.vc_custom_1526256555854{border-bottom-width: 30px !important;padding-top: 30px !important;}&#8221;][vc_column][vc_row_inner el_class=&#8221;main&#8221;][vc_column_inner width=&#8221;1\/4&#8243;][vc_custom_heading text=&#8221;Admisiones y Calificaciones&#8221; use_theme_fonts=&#8221;yes&#8221;][\/vc_column_inner][vc_column_inner width=&#8221;3\/4&#8243;][vc_column_text css=&#8221;&#8221;]<\/p>\n<ul>\n<li>Canad\u00e1<\/li>\n<li>Ecuador<\/li>\n<\/ul>\n<p>[\/vc_column_text][\/vc_column_inner][\/vc_row_inner][\/vc_column][\/vc_row][vc_row css=&#8221;.vc_custom_1526256597147{border-bottom-width: 30px !important;padding-top: 30px !important;}&#8221;][vc_column][vc_row_inner el_class=&#8221;main&#8221;][vc_column_inner width=&#8221;1\/4&#8243;][vc_custom_heading text=&#8221;Idiomas&#8221; use_theme_fonts=&#8221;yes&#8221;][\/vc_column_inner][vc_column_inner width=&#8221;3\/4&#8243;][vc_column_text css=&#8221;&#8221;]<\/p>\n<ul>\n<li>Ingl\u00e9s<\/li>\n<li>Franc\u00e9s<\/li>\n<\/ul>\n<p>[\/vc_column_text][\/vc_column_inner][\/vc_row_inner][\/vc_column][\/vc_row][vc_row el_class=&#8221;gray_file&#8221; css=&#8221;.vc_custom_1526256555854{border-bottom-width: 30px !important;padding-top: 30px !important;}&#8221;][vc_column offset=&#8221;vc_hidden-lg vc_hidden-md vc_hidden-sm vc_hidden-xs&#8221;][vc_row_inner el_class=&#8221;main&#8221;][vc_column_inner width=&#8221;1\/4&#8243;][vc_custom_heading text=&#8221;Publicaciones&#8221; use_theme_fonts=&#8221;yes&#8221;][\/vc_column_inner][vc_column_inner width=&#8221;3\/4&#8243;][vc_column_text]<\/p>\n<ul>\n<li>Grupo de Investigaci\u00f3n en Derecho Econ\u00f3mico<em>, Derecho y Econom\u00eda: Libre Competencia<\/em>, 2018, Corporaci\u00f3n de Estudios y Publicaciones.<\/li>\n<\/ul>\n<p>[\/vc_column_text][\/vc_column_inner][\/vc_row_inner][\/vc_column][\/vc_row][vc_row][vc_column offset=&#8221;vc_hidden-lg vc_hidden-md vc_hidden-sm vc_hidden-xs&#8221;][vc_row_inner el_class=&#8221;main&#8221;][vc_column_inner width=&#8221;1\/4&#8243;][vc_custom_heading text=&#8221;Membres\u00edas&#8221; use_theme_fonts=&#8221;yes&#8221;][\/vc_column_inner][vc_column_inner width=&#8221;3\/4&#8243;][vc_column_text]<\/p>\n<ul>\n<li>Miembro del Foro de Abogados del Consejo de la Judicatura.<\/li>\n<\/ul>\n<p>[\/vc_column_text][\/vc_column_inner][\/vc_row_inner][\/vc_column][\/vc_row]<\/p>\n<\/div>","protected":false},"excerpt":{"rendered":"<p>[vc_row el_class=&#8221;page_head&#8221;][vc_column][vc_row_inner el_class=&#8221;main&#8221;][vc_column_inner][vc_custom_heading text=&#8221;Profesionales&#8221; font_container=&#8221;tag:h1|text_align:center|color:%23ffffff&#8221; use_theme_fonts=&#8221;yes&#8221;][\/vc_column_inner][\/vc_row_inner][vc_raw_html]JTVCQnJlYWRjcnVtYiU1RA==[\/vc_raw_html][\/vc_column][\/vc_row][vc_row el_class=&#8221;main&#8221; css=&#8221;.vc_custom_1526257036926{padding-top: 30px !important;padding-bottom: 30px !important;}&#8221;][vc_column width=&#8221;1\/4&#8243;][vc_single_image image=&#8221;7066&#8243; img_size=&#8221;full&#8221; style=&#8221;vc_box_rounded&#8221; css=&#8221;&#8221; el_class=&#8221;profile&#8221;][\/vc_column][vc_column width=&#8221;3\/4&#8243;][vc_custom_heading text=&#8221;Shantell Cisneros Consultora Canad\u00e1&#8221; use_theme_fonts=&#8221;yes&#8221; css=&#8221;&#8221; link=&#8221;url:https%3A%2F%2Flaudenlaw.com%2Fprofesionales%2Fkhgcjfc%2F|title:Profesionales|target:_blank&#8221;][vc_row_inner][vc_column_inner el_class=&#8221;profile_data&#8221; width=&#8221;1\/3&#8243; offset=&#8221;vc_hidden-lg vc_hidden-md vc_hidden-sm vc_hidden-xs&#8221;][vc_single_image image=&#8221;91&#8243; img_size=&#8221;full&#8221; el_class=&#8221;ic_small&#8221;][vc_column_text css=&#8221;&#8221;]+593 00 000 0000\u00a0 (EC)[\/vc_column_text][\/vc_column_inner][vc_column_inner width=&#8221;1\/3&#8243; offset=&#8221;vc_hidden-lg vc_hidden-md vc_hidden-sm vc_hidden-xs&#8221;][vc_single_image image=&#8221;90&#8243; img_size=&#8221;full&#8221; el_class=&#8221;ic_small&#8221;][vc_column_text]+593 2 292 8249[\/vc_column_text][\/vc_column_inner][vc_column_inner el_class=&#8221;profile_data&#8221; width=&#8221;1\/3&#8243; offset=&#8221;vc_hidden-lg vc_hidden-md&#8230; <a href=\"https:\/\/laudenlaw.com\/en\/profesionales\/shantell-cisneros\/\" class=\"more\">Ver m\u00e1s<\/a><\/p>\n","protected":false},"author":8,"featured_media":0,"parent":11,"menu_order":0,"comment_status":"closed","ping_status":"closed","template":"page-composer.php","meta":{"nf_dc_page":"","_monsterinsights_skip_tracking":false,"_monsterinsights_sitenote_active":false,"_monsterinsights_sitenote_note":"","_monsterinsights_sitenote_category":0,"_uf_show_specific_survey":0,"_uf_disable_surveys":false,"footnotes":""},"class_list":["post-5812","page","type-page","status-publish","hentry"],"aioseo_notices":[],"jetpack_sharing_enabled":true,"_links":{"self":[{"href":"https:\/\/laudenlaw.com\/en\/wp-json\/wp\/v2\/pages\/5812","targetHints":{"allow":["GET"]}}],"collection":[{"href":"https:\/\/laudenlaw.com\/en\/wp-json\/wp\/v2\/pages"}],"about":[{"href":"https:\/\/laudenlaw.com\/en\/wp-json\/wp\/v2\/types\/page"}],"author":[{"embeddable":true,"href":"https:\/\/laudenlaw.com\/en\/wp-json\/wp\/v2\/users\/8"}],"replies":[{"embeddable":true,"href":"https:\/\/laudenlaw.com\/en\/wp-json\/wp\/v2\/comments?post=5812"}],"version-history":[{"count":14,"href":"https:\/\/laudenlaw.com\/en\/wp-json\/wp\/v2\/pages\/5812\/revisions"}],"predecessor-version":[{"id":7070,"href":"https:\/\/laudenlaw.com\/en\/wp-json\/wp\/v2\/pages\/5812\/revisions\/7070"}],"up":[{"embeddable":true,"href":"https:\/\/laudenlaw.com\/en\/wp-json\/wp\/v2\/pages\/11"}],"wp:attachment":[{"href":"https:\/\/laudenlaw.com\/en\/wp-json\/wp\/v2\/media?parent=5812"}],"curies":[{"name":"wp","href":"https:\/\/api.w.org\/{rel}","templated":true}]}}