{"id":6319,"date":"2025-08-13T12:12:42","date_gmt":"2025-08-13T17:12:42","guid":{"rendered":"https:\/\/laudenlaw.com\/?page_id=6319"},"modified":"2025-08-13T12:12:42","modified_gmt":"2025-08-13T17:12:42","slug":"antonella-moreno","status":"publish","type":"page","link":"https:\/\/laudenlaw.com\/en\/profesionales\/antonella-moreno\/","title":{"rendered":"Antonella Moreno"},"content":{"rendered":"<div class=\"wpb-content-wrapper\"><p>[vc_row el_class=&#8221;page_head&#8221;][vc_column][vc_row_inner el_class=&#8221;main&#8221;][vc_column_inner][vc_custom_heading text=&#8221;Profesionales&#8221; font_container=&#8221;tag:h1|text_align:center|color:%23ffffff&#8221; use_theme_fonts=&#8221;yes&#8221;][\/vc_column_inner][\/vc_row_inner][vc_raw_html]JTVCQnJlYWRjcnVtYiU1RA==[\/vc_raw_html][\/vc_column][\/vc_row][vc_row el_class=&#8221;main&#8221; css=&#8221;.vc_custom_1526257036926{padding-top: 30px !important;padding-bottom: 30px !important;}&#8221;][vc_column width=&#8221;1\/4&#8243;][vc_single_image image=&#8221;6303&#8243; img_size=&#8221;full&#8221; css=&#8221;&#8221; el_class=&#8221;profile&#8221;][\/vc_column][vc_column width=&#8221;3\/4&#8243;][vc_custom_heading text=&#8221;Antonella Moreno&#8221; use_theme_fonts=&#8221;yes&#8221; css=&#8221;&#8221;][vc_row_inner][vc_column_inner el_class=&#8221;profile_data&#8221; width=&#8221;1\/3&#8243;][vc_single_image image=&#8221;91&#8243; img_size=&#8221;full&#8221; el_class=&#8221;ic_small&#8221;][vc_column_text css=&#8221;&#8221;]<\/p>\n<p class=\"p1\"><a href=\"telf:+593 93 957 2012\">+593 93 957 2012<\/a> (EC)<\/p>\n<p>[\/vc_column_text][\/vc_column_inner][vc_column_inner el_class=&#8221;profile_data&#8221; width=&#8221;1\/3&#8243;][vc_single_image image=&#8221;89&#8243; img_size=&#8221;full&#8221; el_class=&#8221;ic_small&#8221;][vc_column_text css=&#8221;&#8221;]<\/p>\n<p class=\"p1\"><a href=\"mailto:Antonella@laudenlaw.onmicrosoft.com\">Antonella@<span class=\"s1\">laudenlaw<\/span>.onmicrosoft.com<\/a><\/p>\n<p>[\/vc_column_text][\/vc_column_inner][vc_column_inner width=&#8221;1\/3&#8243; offset=&#8221;vc_hidden-lg vc_hidden-md vc_hidden-sm vc_hidden-xs&#8221;][vc_single_image image=&#8221;90&#8243; img_size=&#8221;full&#8221; el_class=&#8221;ic_small&#8221;][vc_column_text]<a href=\"tel:+59322928249\">+593 229 28249<\/a>\u00a0(EC)[\/vc_column_text][\/vc_column_inner][\/vc_row_inner][vc_column_text css=&#8221;&#8221;]<\/p>\n<p class=\"p1\">Antonella Moreno enfoca su pr\u00e1ctica preprofesional en las \u00e1reas de Derecho Constitucional, Propiedad Intelectual y m\u00e9todos alternativos de resoluci\u00f3n de conflictos.<\/p>\n<p>[\/vc_column_text][\/vc_column][\/vc_row][vc_row el_class=&#8221;gray_file&#8221; css=&#8221;.vc_custom_1526256555854{border-bottom-width: 30px !important;padding-top: 30px !important;}&#8221;][vc_column][vc_row_inner el_class=&#8221;main&#8221;][vc_column_inner width=&#8221;1\/4&#8243;][vc_custom_heading text=&#8221;Participaciones Relevantes&#8221; use_theme_fonts=&#8221;yes&#8221;][\/vc_column_inner][vc_column_inner width=&#8221;3\/4&#8243;][vc_column_text css=&#8221;&#8221;]Entre sus actuaciones m\u00e1s significativas destacan:<\/p>\n<ul>\n<li>\n<p class=\"p1\"><b>Pasante Legal<\/b><\/p>\n<p class=\"p1\"><b>Dr. Nilo Noguera Delgado<\/b><\/p>\n<p class=\"p1\"><b>Actividades:<\/b><\/p>\n<p class=\"p1\">Trabajo en procesos de Coactiva IESS, apoyo en procesos judiciales y en notar\u00edas.<\/p>\n<p class=\"p1\"><b>Pasante Legal<\/b><\/p>\n<p class=\"p1\"><b>MAVZ abogados<\/b><\/p>\n<p class=\"p1\"><b>Actividades:<\/b><\/p>\n<p class=\"p1\">Trabajo en procesos de Coactiva, creaci\u00f3n de matrices y contacto a coactivados.<b>Asesora y analista de cr\u00e9dito<\/b><\/p>\n<p class=\"p1\"><b>Caja de Ahorro y Cr\u00e9dito \u201cEsperanza del Valle\u201d<\/b><\/p>\n<p class=\"p1\"><b>Actividades:<\/b><\/p>\n<p class=\"p1\">Cumpl\u00ed con la tarea de asesorar a diversos socios, comunicaci\u00f3n efectiva y entrega de carpetas reuniendo informaci\u00f3n para aplicar a un cr\u00e9dito.<\/p>\n<p class=\"p1\"><b>Pasante legal<\/b><\/p>\n<p class=\"p1\"><b>Enero <\/b>2025 &#8211; <span class=\"s1\">Actualidad<\/span><\/p>\n<p class=\"p1\"><b>LAUDENLAW CONSULTORES LEGALES | ABOGADOS<\/b><\/p>\n<p class=\"p1\"><b>Actividades:<\/b><\/p>\n<p class=\"p1\">Experiencia en la elaboraci\u00f3n y redacci\u00f3n de escritos jur\u00eddicos, incluyendo demandas, contratos y recursos administrativos. Gesti\u00f3n integral de procesos de recuperaci\u00f3n de cartera, con enfoque en soluciones efectivas y personalizadas para cada cliente.<\/p>\n<\/li>\n<\/ul>\n<p>[\/vc_column_text][\/vc_column_inner][\/vc_row_inner][\/vc_column][\/vc_row][vc_row css=&#8221;.vc_custom_1526256597147{border-bottom-width: 30px !important;padding-top: 30px !important;}&#8221;][vc_column][vc_row_inner el_class=&#8221;main&#8221;][vc_column_inner width=&#8221;1\/4&#8243;][vc_custom_heading text=&#8221;Educaci\u00f3n&#8221; use_theme_fonts=&#8221;yes&#8221;][\/vc_column_inner][vc_column_inner width=&#8221;3\/4&#8243;][vc_column_text css=&#8221;&#8221;]<\/p>\n<ul>\n<li>\n<p class=\"p1\"><b>Abogado, <\/b>Universidad Central del Ecuador<\/p>\n<\/li>\n<\/ul>\n<p>[\/vc_column_text][\/vc_column_inner][\/vc_row_inner][\/vc_column][\/vc_row][vc_row el_class=&#8221;gray_file&#8221; css=&#8221;.vc_custom_1526256555854{border-bottom-width: 30px !important;padding-top: 30px !important;}&#8221;][vc_column][vc_row_inner el_class=&#8221;main&#8221;][vc_column_inner width=&#8221;1\/4&#8243;][vc_custom_heading text=&#8221;Admisiones y Calificaciones&#8221; use_theme_fonts=&#8221;yes&#8221;][\/vc_column_inner][vc_column_inner width=&#8221;3\/4&#8243;][vc_column_text]<\/p>\n<ul>\n<li>Ecuador<\/li>\n<\/ul>\n<p>[\/vc_column_text][\/vc_column_inner][\/vc_row_inner][\/vc_column][\/vc_row][vc_row css=&#8221;.vc_custom_1526256597147{border-bottom-width: 30px !important;padding-top: 30px !important;}&#8221;][vc_column][vc_row_inner el_class=&#8221;main&#8221;][vc_column_inner width=&#8221;1\/4&#8243;][vc_custom_heading text=&#8221;Idiomas&#8221; use_theme_fonts=&#8221;yes&#8221;][\/vc_column_inner][vc_column_inner width=&#8221;3\/4&#8243;][vc_column_text css=&#8221;&#8221;]<\/p>\n<ul>\n<li>Espa\u00f1ol<\/li>\n<li>Ingl\u00e9s<\/li>\n<\/ul>\n<p>[\/vc_column_text][\/vc_column_inner][\/vc_row_inner][\/vc_column][\/vc_row][vc_row el_class=&#8221;gray_file&#8221; css=&#8221;.vc_custom_1526256555854{border-bottom-width: 30px !important;padding-top: 30px !important;}&#8221;][vc_column offset=&#8221;vc_hidden-lg vc_hidden-md vc_hidden-sm vc_hidden-xs&#8221;][vc_row_inner el_class=&#8221;main&#8221;][vc_column_inner width=&#8221;1\/4&#8243;][vc_custom_heading text=&#8221;Publicaciones&#8221; use_theme_fonts=&#8221;yes&#8221;][\/vc_column_inner][vc_column_inner width=&#8221;3\/4&#8243;][vc_column_text]<\/p>\n<ul>\n<li>La Ley para el Fomento Productivo fortalece el arbitraje internacional en el<br \/>\nEcuador, Revistra de arbitraje comercial y de inversiones, vol XI n\u00b03, 2018.<\/li>\n<li>Ecuador flexibiliza sus reglas de arbitraje internacional para atraer inversiones, Revista de Arbitraje de la Comunidad Iberoamericana (CIAR), octubre 2018.<\/li>\n<li>Derecho Internacional Privado, Cap\u00edtulo Ecuador, con A. Galindo, 2018.<\/li>\n<li>Arbitraje internacional en el Ecuador y las condiciones de arbitrabilidad, Los 20 a\u00f1os de la Ley ecuatoriana del arbitraje, ICC, con A. Galindo, 2017.<\/li>\n<li>La conformit\u00e9 de l\u2019investissement au droit national, condition de sa protection internationale, ICSID Review \u2013 Foreign Investments Law Journal, 2014.<\/li>\n<li>Cour de Cassation quashes decision that disregarded ICC rule on time limits to arbitrator challenges \u2013 2 takeaways, International Arbitration Newsletter, DLA Piper, September 2014, con M. Ostrove y M. Desplats.<\/li>\n<\/ul>\n<p>[\/vc_column_text][\/vc_column_inner][\/vc_row_inner][\/vc_column][\/vc_row][vc_row][vc_column offset=&#8221;vc_hidden-lg vc_hidden-md vc_hidden-sm vc_hidden-xs&#8221;][vc_row_inner el_class=&#8221;main&#8221;][vc_column_inner width=&#8221;1\/4&#8243;][vc_custom_heading text=&#8221;Membres\u00edas&#8221; use_theme_fonts=&#8221;yes&#8221;][\/vc_column_inner][vc_column_inner width=&#8221;3\/4&#8243;][vc_column_text]<\/p>\n<ul>\n<li>Miembro del Foro de Abogados del Consejo de la Judicatura.<\/li>\n<\/ul>\n<p>[\/vc_column_text][\/vc_column_inner][\/vc_row_inner][\/vc_column][\/vc_row]<\/p>\n<\/div>","protected":false},"excerpt":{"rendered":"<p>[vc_row el_class=&#8221;page_head&#8221;][vc_column][vc_row_inner el_class=&#8221;main&#8221;][vc_column_inner][vc_custom_heading text=&#8221;Profesionales&#8221; font_container=&#8221;tag:h1|text_align:center|color:%23ffffff&#8221; use_theme_fonts=&#8221;yes&#8221;][\/vc_column_inner][\/vc_row_inner][vc_raw_html]JTVCQnJlYWRjcnVtYiU1RA==[\/vc_raw_html][\/vc_column][\/vc_row][vc_row el_class=&#8221;main&#8221; css=&#8221;.vc_custom_1526257036926{padding-top: 30px !important;padding-bottom: 30px !important;}&#8221;][vc_column width=&#8221;1\/4&#8243;][vc_single_image image=&#8221;6303&#8243; img_size=&#8221;full&#8221; css=&#8221;&#8221; el_class=&#8221;profile&#8221;][\/vc_column][vc_column width=&#8221;3\/4&#8243;][vc_custom_heading text=&#8221;Antonella Moreno&#8221; use_theme_fonts=&#8221;yes&#8221; css=&#8221;&#8221;][vc_row_inner][vc_column_inner el_class=&#8221;profile_data&#8221; width=&#8221;1\/3&#8243;][vc_single_image image=&#8221;91&#8243; img_size=&#8221;full&#8221; el_class=&#8221;ic_small&#8221;][vc_column_text css=&#8221;&#8221;] +593 93 957 2012 (EC) [\/vc_column_text][\/vc_column_inner][vc_column_inner el_class=&#8221;profile_data&#8221; width=&#8221;1\/3&#8243;][vc_single_image image=&#8221;89&#8243; img_size=&#8221;full&#8221; el_class=&#8221;ic_small&#8221;][vc_column_text css=&#8221;&#8221;] Antonella@laudenlaw.onmicrosoft.com [\/vc_column_text][\/vc_column_inner][vc_column_inner width=&#8221;1\/3&#8243; offset=&#8221;vc_hidden-lg vc_hidden-md vc_hidden-sm vc_hidden-xs&#8221;][vc_single_image image=&#8221;90&#8243; img_size=&#8221;full&#8221; el_class=&#8221;ic_small&#8221;][vc_column_text]+593 229 28249\u00a0(EC)[\/vc_column_text][\/vc_column_inner][\/vc_row_inner][vc_column_text css=&#8221;&#8221;] Antonella Moreno&#8230; <a href=\"https:\/\/laudenlaw.com\/en\/profesionales\/antonella-moreno\/\" class=\"more\">Ver m\u00e1s<\/a><\/p>\n","protected":false},"author":8,"featured_media":6279,"parent":11,"menu_order":0,"comment_status":"closed","ping_status":"closed","template":"page-composer.php","meta":{"nf_dc_page":"","_monsterinsights_skip_tracking":false,"_monsterinsights_sitenote_active":false,"_monsterinsights_sitenote_note":"","_monsterinsights_sitenote_category":0,"_uf_show_specific_survey":0,"_uf_disable_surveys":false,"footnotes":""},"class_list":["post-6319","page","type-page","status-publish","has-post-thumbnail","hentry"],"aioseo_notices":[],"jetpack_sharing_enabled":true,"_links":{"self":[{"href":"https:\/\/laudenlaw.com\/en\/wp-json\/wp\/v2\/pages\/6319","targetHints":{"allow":["GET"]}}],"collection":[{"href":"https:\/\/laudenlaw.com\/en\/wp-json\/wp\/v2\/pages"}],"about":[{"href":"https:\/\/laudenlaw.com\/en\/wp-json\/wp\/v2\/types\/page"}],"author":[{"embeddable":true,"href":"https:\/\/laudenlaw.com\/en\/wp-json\/wp\/v2\/users\/8"}],"replies":[{"embeddable":true,"href":"https:\/\/laudenlaw.com\/en\/wp-json\/wp\/v2\/comments?post=6319"}],"version-history":[{"count":1,"href":"https:\/\/laudenlaw.com\/en\/wp-json\/wp\/v2\/pages\/6319\/revisions"}],"predecessor-version":[{"id":6358,"href":"https:\/\/laudenlaw.com\/en\/wp-json\/wp\/v2\/pages\/6319\/revisions\/6358"}],"up":[{"embeddable":true,"href":"https:\/\/laudenlaw.com\/en\/wp-json\/wp\/v2\/pages\/11"}],"wp:featuredmedia":[{"embeddable":true,"href":"https:\/\/laudenlaw.com\/en\/wp-json\/wp\/v2\/media\/6279"}],"wp:attachment":[{"href":"https:\/\/laudenlaw.com\/en\/wp-json\/wp\/v2\/media?parent=6319"}],"curies":[{"name":"wp","href":"https:\/\/api.w.org\/{rel}","templated":true}]}}