{"id":6789,"date":"2026-02-18T17:10:53","date_gmt":"2026-02-18T22:10:53","guid":{"rendered":"https:\/\/laudenlaw.com\/?page_id=6789"},"modified":"2026-02-18T17:12:00","modified_gmt":"2026-02-18T22:12:00","slug":"natalia-paredes","status":"publish","type":"page","link":"https:\/\/laudenlaw.com\/en\/profesionales\/natalia-paredes\/","title":{"rendered":"Natalia Paredes"},"content":{"rendered":"<div class=\"wpb-content-wrapper\"><p>[vc_row el_class=&#8221;page_head&#8221;][vc_column offset=&#8221;vc_hidden-lg vc_hidden-md vc_hidden-sm vc_hidden-xs&#8221;][vc_row_inner el_class=&#8221;main&#8221;][vc_column_inner][vc_custom_heading text=&#8221;Profesionales&#8221; font_container=&#8221;tag:h1|text_align:center|color:%23ffffff&#8221; use_theme_fonts=&#8221;yes&#8221;][\/vc_column_inner][\/vc_row_inner][vc_raw_html]JTVCQnJlYWRjcnVtYiU1RA==[\/vc_raw_html][\/vc_column][\/vc_row][vc_row el_class=&#8221;main&#8221; css=&#8221;.vc_custom_1526257036926{padding-top: 30px !important;padding-bottom: 30px !important;}&#8221;][vc_column width=&#8221;1\/4&#8243;][vc_single_image image=&#8221;6790&#8243; img_size=&#8221;full&#8221; css=&#8221;&#8221; el_class=&#8221;profile&#8221;][\/vc_column][vc_column width=&#8221;3\/4&#8243;][vc_custom_heading text=&#8221;Natalia Paredes&#8221; use_theme_fonts=&#8221;yes&#8221; css=&#8221;&#8221;][vc_row_inner][vc_column_inner width=&#8221;1\/3&#8243; offset=&#8221;vc_hidden-lg vc_hidden-md vc_hidden-sm vc_hidden-xs&#8221;][vc_single_image image=&#8221;91&#8243; img_size=&#8221;full&#8221; el_class=&#8221;ic_small&#8221;][vc_column_text]<a href=\"tel:+59322928249\">+593 229 28249<\/a>\u00a0(EC)[\/vc_column_text][\/vc_column_inner][vc_column_inner el_class=&#8221;profile_data&#8221; width=&#8221;1\/3&#8243;][vc_single_image image=&#8221;89&#8243; img_size=&#8221;full&#8221; el_class=&#8221;ic_small&#8221;][vc_column_text css=&#8221;&#8221;]<a href=\"mailto:edemora@laudenlaw.com\">info@laudenlaw.com<\/a><\/p>\n<p>[\/vc_column_text][\/vc_column_inner][vc_column_inner el_class=&#8221;profile_data&#8221; width=&#8221;1\/3&#8243; offset=&#8221;vc_hidden-lg vc_hidden-md vc_hidden-sm vc_hidden-xs&#8221;][vc_single_image image=&#8221;5360&#8243; img_size=&#8221;full&#8221; el_class=&#8221;ic_small&#8221;][vc_column_text css=&#8221;&#8221;]lkcjnaoijfioasjcpoiaew[\/vc_column_text][\/vc_column_inner][\/vc_row_inner][vc_column_text css=&#8221;&#8221;]Natalia Paredes es abogada ecuatoriana especializada en derecho digital, protecci\u00f3n de datos personales e inteligencia artificial. Cuenta con formaci\u00f3n de maestr\u00eda en Derecho Digital y certificaci\u00f3n como Delegada de Protecci\u00f3n de Datos (DPD). Asesora a empresas en cumplimiento normativo, gesti\u00f3n de riesgos y transformaci\u00f3n digital segura en Ecuador.[\/vc_column_text][\/vc_column][\/vc_row][vc_row el_class=&#8221;gray_file&#8221; css=&#8221;.vc_custom_1526256555854{border-bottom-width: 30px !important;padding-top: 30px !important;}&#8221;][vc_column][vc_row_inner el_class=&#8221;main&#8221;][vc_column_inner width=&#8221;1\/4&#8243;][vc_custom_heading text=&#8221;Participaciones Relevantes&#8221; use_theme_fonts=&#8221;yes&#8221;][\/vc_column_inner][vc_column_inner width=&#8221;3\/4&#8243;][vc_column_text css=&#8221;&#8221;]<\/p>\n<h5 data-start=\"2161\" data-end=\"2224\">Delegada de Protecci\u00f3n de Datos (DPD) \u2013 Consultora ATENIA<\/h5>\n<ul data-start=\"2225\" data-end=\"2444\">\n<li data-start=\"2225\" data-end=\"2292\">\n<p data-start=\"2227\" data-end=\"2292\">Asesor\u00eda en proyectos internacionales de transformaci\u00f3n digital<\/p>\n<\/li>\n<li data-start=\"2293\" data-end=\"2356\">\n<p data-start=\"2295\" data-end=\"2356\">Implementaci\u00f3n de modelos de madurez en protecci\u00f3n de datos<\/p>\n<\/li>\n<li data-start=\"2357\" data-end=\"2444\">\n<p data-start=\"2359\" data-end=\"2444\">Proyecto destacado: implementaci\u00f3n integral en empresa de seguridad privada (SEGUMAX)<\/p>\n<\/li>\n<\/ul>\n<h5 data-start=\"2446\" data-end=\"2500\"><\/h5>\n<h5 data-start=\"2446\" data-end=\"2500\">Consultora Junior \u2013 Balta Consultora Tax &amp; Legal<\/h5>\n<ul data-start=\"2501\" data-end=\"2659\">\n<li data-start=\"2501\" data-end=\"2560\">\n<p data-start=\"2503\" data-end=\"2560\">Elaboraci\u00f3n de cl\u00e1usulas y acuerdos de confidencialidad<\/p>\n<\/li>\n<li data-start=\"2561\" data-end=\"2612\">\n<p data-start=\"2563\" data-end=\"2612\">Evaluaci\u00f3n de impacto para tratamiento de datos<\/p>\n<\/li>\n<li data-start=\"2613\" data-end=\"2659\">\n<p data-start=\"2615\" data-end=\"2659\">Estructuraci\u00f3n de cumplimiento corporativo<\/p>\n<\/li>\n<\/ul>\n<h5 data-start=\"2661\" data-end=\"2694\"><\/h5>\n<h5 data-start=\"2661\" data-end=\"2694\">Experiencia jur\u00eddica previa<\/h5>\n<ul data-start=\"2695\" data-end=\"2882\">\n<li data-start=\"2695\" data-end=\"2781\">\n<p data-start=\"2697\" data-end=\"2781\">Asistente jur\u00eddica en firma especializada en acciones constitucionales y contratos<\/p>\n<\/li>\n<li data-start=\"2782\" data-end=\"2836\">\n<p data-start=\"2784\" data-end=\"2836\">Implementaci\u00f3n de pol\u00edticas de protecci\u00f3n de datos<\/p>\n<\/li>\n<li data-start=\"2837\" data-end=\"2882\">\n<p data-start=\"2839\" data-end=\"2882\">Procesos civiles, laborales y migratorios<\/p>\n<\/li>\n<\/ul>\n<p>[\/vc_column_text][\/vc_column_inner][\/vc_row_inner][\/vc_column][\/vc_row][vc_row el_class=&#8221;gray_file&#8221; css=&#8221;.vc_custom_1526256555854{border-bottom-width: 30px !important;padding-top: 30px !important;}&#8221;][vc_column][vc_row_inner el_class=&#8221;main&#8221;][vc_column_inner width=&#8221;1\/4&#8243;][vc_custom_heading text=&#8221;\u00c1reas de Especializaci\u00f3n&#8221; use_theme_fonts=&#8221;yes&#8221; css=&#8221;&#8221;][\/vc_column_inner][vc_column_inner width=&#8221;3\/4&#8243;][vc_column_text css=&#8221;&#8221;]<\/p>\n<h5 data-start=\"1358\" data-end=\"1405\">Protecci\u00f3n de datos personales en Ecuador<\/h5>\n<ul data-start=\"1406\" data-end=\"1706\">\n<li data-start=\"1406\" data-end=\"1459\">\n<p data-start=\"1408\" data-end=\"1459\">Implementaci\u00f3n integral de cumplimiento normativo<\/p>\n<\/li>\n<li data-start=\"1460\" data-end=\"1508\">\n<p data-start=\"1462\" data-end=\"1508\">Registro de Actividades de Tratamiento (RAT)<\/p>\n<\/li>\n<li data-start=\"1509\" data-end=\"1550\">\n<p data-start=\"1511\" data-end=\"1550\">Registro de Inventario de Datos (RID)<\/p>\n<\/li>\n<li data-start=\"1551\" data-end=\"1585\">\n<p data-start=\"1553\" data-end=\"1585\">Evaluaciones de Impacto (EIPD)<\/p>\n<\/li>\n<li data-start=\"1586\" data-end=\"1628\">\n<p data-start=\"1588\" data-end=\"1628\">Elaboraci\u00f3n de pol\u00edticas de privacidad<\/p>\n<\/li>\n<li data-start=\"1629\" data-end=\"1674\">\n<p data-start=\"1631\" data-end=\"1674\">Contratos entre responsables y encargados<\/p>\n<\/li>\n<li data-start=\"1675\" data-end=\"1706\">\n<p data-start=\"1677\" data-end=\"1706\">Preparaci\u00f3n para auditor\u00edas<\/p>\n<\/li>\n<\/ul>\n<h5 data-start=\"1708\" data-end=\"1750\"><\/h5>\n<h5 data-start=\"1708\" data-end=\"1750\">Derecho digital y nuevas tecnolog\u00edas<\/h5>\n<ul data-start=\"1751\" data-end=\"1940\">\n<li data-start=\"1751\" data-end=\"1789\">\n<p data-start=\"1753\" data-end=\"1789\">Asesor\u00eda en transformaci\u00f3n digital<\/p>\n<\/li>\n<li data-start=\"1790\" data-end=\"1813\">\n<p data-start=\"1792\" data-end=\"1813\">Gobernanza de datos<\/p>\n<\/li>\n<li data-start=\"1814\" data-end=\"1849\">\n<p data-start=\"1816\" data-end=\"1849\">Gesti\u00f3n de riesgos tecnol\u00f3gicos<\/p>\n<\/li>\n<li data-start=\"1850\" data-end=\"1902\">\n<p data-start=\"1852\" data-end=\"1902\">Inteligencia artificial y cumplimiento normativo<\/p>\n<\/li>\n<li data-start=\"1903\" data-end=\"1940\">\n<p data-start=\"1905\" data-end=\"1940\">Seguridad de la informaci\u00f3n (SGI)<\/p>\n<\/li>\n<\/ul>\n<h5 data-start=\"1942\" data-end=\"1981\"><\/h5>\n<h5 data-start=\"1942\" data-end=\"1981\">Cumplimiento y gesti\u00f3n de riesgos<\/h5>\n<ul data-start=\"1982\" data-end=\"2121\">\n<li data-start=\"1982\" data-end=\"2025\">\n<p data-start=\"1984\" data-end=\"2025\">Dise\u00f1o de departamentos de cumplimiento<\/p>\n<\/li>\n<li data-start=\"2026\" data-end=\"2060\">\n<p data-start=\"2028\" data-end=\"2060\">An\u00e1lisis y matrices de riesgos<\/p>\n<\/li>\n<li data-start=\"2061\" data-end=\"2080\">\n<p data-start=\"2063\" data-end=\"2080\">Defensive Files<\/p>\n<\/li>\n<li data-start=\"2081\" data-end=\"2121\">\n<p data-start=\"2083\" data-end=\"2121\">Estructuraci\u00f3n documental preventiva<\/p>\n<\/li>\n<\/ul>\n<p>[\/vc_column_text][\/vc_column_inner][\/vc_row_inner][\/vc_column][\/vc_row][vc_row css=&#8221;.vc_custom_1526256597147{border-bottom-width: 30px !important;padding-top: 30px !important;}&#8221;][vc_column][vc_row_inner el_class=&#8221;main&#8221;][vc_column_inner width=&#8221;1\/4&#8243;][vc_custom_heading text=&#8221;Educaci\u00f3n&#8221; use_theme_fonts=&#8221;yes&#8221;][\/vc_column_inner][vc_column_inner width=&#8221;3\/4&#8243;][vc_column_text css=&#8221;&#8221;]<\/p>\n<ul>\n<li data-start=\"2905\" data-end=\"2998\">\n<p data-start=\"2907\" data-end=\"2998\"><strong data-start=\"2907\" data-end=\"2959\">Maestr\u00eda en Derecho Digital y Nuevas Tecnolog\u00edas<\/strong> \u2013 Universidad de las Am\u00e9ricas (2025)<\/p>\n<\/li>\n<li data-start=\"2999\" data-end=\"3066\">\n<p data-start=\"3001\" data-end=\"3066\"><strong data-start=\"3001\" data-end=\"3012\">Abogada<\/strong> \u2013 Universidad Cat\u00f3lica Santiago de Guayaquil (2022)<\/p>\n<\/li>\n<li data-start=\"3067\" data-end=\"3138\">\n<p data-start=\"3069\" data-end=\"3138\"><strong data-start=\"3069\" data-end=\"3122\">Delegada de Protecci\u00f3n de Datos Certificada (DPD)<\/strong> \u2013 UESS (2025)<\/p>\n<\/li>\n<\/ul>\n<p>[\/vc_column_text][\/vc_column_inner][\/vc_row_inner][\/vc_column][\/vc_row][vc_row el_class=&#8221;gray_file&#8221; css=&#8221;.vc_custom_1526256555854{border-bottom-width: 30px !important;padding-top: 30px !important;}&#8221;][vc_column offset=&#8221;vc_hidden-lg vc_hidden-md vc_hidden-sm vc_hidden-xs&#8221;][vc_row_inner el_class=&#8221;main&#8221;][vc_column_inner width=&#8221;1\/4&#8243;][vc_custom_heading text=&#8221;Admisiones y Calificaciones&#8221; use_theme_fonts=&#8221;yes&#8221;][\/vc_column_inner][vc_column_inner width=&#8221;3\/4&#8243;][vc_column_text]<\/p>\n<ul>\n<li>Ecuador<\/li>\n<\/ul>\n<p>[\/vc_column_text][\/vc_column_inner][\/vc_row_inner][\/vc_column][\/vc_row][vc_row el_class=&#8221;gray_file&#8221; css=&#8221;.vc_custom_1526256555854{border-bottom-width: 30px !important;padding-top: 30px !important;}&#8221;][vc_column][vc_row_inner el_class=&#8221;main&#8221;][vc_column_inner width=&#8221;1\/4&#8243;][vc_custom_heading text=&#8221;Adminsiones y calificaciones&#8221; use_theme_fonts=&#8221;yes&#8221; css=&#8221;&#8221;][\/vc_column_inner][vc_column_inner width=&#8221;3\/4&#8243;][vc_column_text css=&#8221;&#8221;]<\/p>\n<ul>\n<li data-start=\"3179\" data-end=\"3210\">\n<p data-start=\"3181\" data-end=\"3210\">Abogada titulada en Ecuador<\/p>\n<\/li>\n<li data-start=\"3211\" data-end=\"3258\">\n<p data-start=\"3213\" data-end=\"3258\">Delegada de Protecci\u00f3n de Datos certificada<\/p>\n<\/li>\n<li data-start=\"3259\" data-end=\"3285\">\n<p data-start=\"3261\" data-end=\"3285\">Formaci\u00f3n en ISO 27001<\/p>\n<\/li>\n<li data-start=\"3286\" data-end=\"3322\">\n<p data-start=\"3288\" data-end=\"3322\">Certificaci\u00f3n en GDPR Compliance<\/p>\n<\/li>\n<li data-start=\"3323\" data-end=\"3369\">\n<p data-start=\"3325\" data-end=\"3369\">Formaci\u00f3n en ciberseguridad y an\u00e1lisis SOC<\/p>\n<\/li>\n<\/ul>\n<p>[\/vc_column_text][\/vc_column_inner][\/vc_row_inner][\/vc_column][\/vc_row][vc_row css=&#8221;.vc_custom_1526256597147{border-bottom-width: 30px !important;padding-top: 30px !important;}&#8221;][vc_column][vc_row_inner el_class=&#8221;main&#8221;][vc_column_inner width=&#8221;1\/4&#8243;][vc_custom_heading text=&#8221;Idiomas&#8221; use_theme_fonts=&#8221;yes&#8221;][\/vc_column_inner][vc_column_inner width=&#8221;3\/4&#8243;][vc_column_text css=&#8221;&#8221;]<\/p>\n<ul>\n<li>Espa\u00f1ol<\/li>\n<li>Ingl\u00e9s<\/li>\n<li>Franc\u00e9s<\/li>\n<\/ul>\n<p>[\/vc_column_text][\/vc_column_inner][\/vc_row_inner][\/vc_column][\/vc_row][vc_row][vc_column offset=&#8221;vc_hidden-lg vc_hidden-md vc_hidden-sm vc_hidden-xs&#8221;][vc_row_inner el_class=&#8221;main&#8221;][vc_column_inner width=&#8221;1\/4&#8243;][vc_custom_heading text=&#8221;Membres\u00edas&#8221; use_theme_fonts=&#8221;yes&#8221;][\/vc_column_inner][vc_column_inner width=&#8221;3\/4&#8243;][vc_column_text]<\/p>\n<ul>\n<li>Miembro del Foro de Abogados del Consejo de la Judicatura.<\/li>\n<\/ul>\n<p>[\/vc_column_text][\/vc_column_inner][\/vc_row_inner][\/vc_column][\/vc_row]<\/p>\n<\/div>","protected":false},"excerpt":{"rendered":"<p>[vc_row el_class=&#8221;page_head&#8221;][vc_column offset=&#8221;vc_hidden-lg vc_hidden-md vc_hidden-sm vc_hidden-xs&#8221;][vc_row_inner el_class=&#8221;main&#8221;][vc_column_inner][vc_custom_heading text=&#8221;Profesionales&#8221; font_container=&#8221;tag:h1|text_align:center|color:%23ffffff&#8221; use_theme_fonts=&#8221;yes&#8221;][\/vc_column_inner][\/vc_row_inner][vc_raw_html]JTVCQnJlYWRjcnVtYiU1RA==[\/vc_raw_html][\/vc_column][\/vc_row][vc_row el_class=&#8221;main&#8221; css=&#8221;.vc_custom_1526257036926{padding-top: 30px !important;padding-bottom: 30px !important;}&#8221;][vc_column width=&#8221;1\/4&#8243;][vc_single_image image=&#8221;6790&#8243; img_size=&#8221;full&#8221; css=&#8221;&#8221; el_class=&#8221;profile&#8221;][\/vc_column][vc_column width=&#8221;3\/4&#8243;][vc_custom_heading text=&#8221;Natalia Paredes&#8221; use_theme_fonts=&#8221;yes&#8221; css=&#8221;&#8221;][vc_row_inner][vc_column_inner width=&#8221;1\/3&#8243; offset=&#8221;vc_hidden-lg vc_hidden-md vc_hidden-sm vc_hidden-xs&#8221;][vc_single_image image=&#8221;91&#8243; img_size=&#8221;full&#8221; el_class=&#8221;ic_small&#8221;][vc_column_text]+593 229 28249\u00a0(EC)[\/vc_column_text][\/vc_column_inner][vc_column_inner el_class=&#8221;profile_data&#8221; width=&#8221;1\/3&#8243;][vc_single_image image=&#8221;89&#8243; img_size=&#8221;full&#8221; el_class=&#8221;ic_small&#8221;][vc_column_text css=&#8221;&#8221;]info@laudenlaw.com [\/vc_column_text][\/vc_column_inner][vc_column_inner el_class=&#8221;profile_data&#8221; width=&#8221;1\/3&#8243; offset=&#8221;vc_hidden-lg vc_hidden-md vc_hidden-sm vc_hidden-xs&#8221;][vc_single_image image=&#8221;5360&#8243; img_size=&#8221;full&#8221; el_class=&#8221;ic_small&#8221;][vc_column_text css=&#8221;&#8221;]lkcjnaoijfioasjcpoiaew[\/vc_column_text][\/vc_column_inner][\/vc_row_inner][vc_column_text css=&#8221;&#8221;]Natalia Paredes&#8230; <a href=\"https:\/\/laudenlaw.com\/en\/profesionales\/natalia-paredes\/\" class=\"more\">Ver m\u00e1s<\/a><\/p>\n","protected":false},"author":8,"featured_media":0,"parent":11,"menu_order":0,"comment_status":"closed","ping_status":"closed","template":"page-composer.php","meta":{"nf_dc_page":"","content-type":"","_monsterinsights_skip_tracking":false,"_monsterinsights_sitenote_active":false,"_monsterinsights_sitenote_note":"","_monsterinsights_sitenote_category":0,"_uf_show_specific_survey":0,"_uf_disable_surveys":false,"footnotes":""},"class_list":["post-6789","page","type-page","status-publish","hentry"],"aioseo_notices":[],"jetpack_sharing_enabled":true,"_links":{"self":[{"href":"https:\/\/laudenlaw.com\/en\/wp-json\/wp\/v2\/pages\/6789","targetHints":{"allow":["GET"]}}],"collection":[{"href":"https:\/\/laudenlaw.com\/en\/wp-json\/wp\/v2\/pages"}],"about":[{"href":"https:\/\/laudenlaw.com\/en\/wp-json\/wp\/v2\/types\/page"}],"author":[{"embeddable":true,"href":"https:\/\/laudenlaw.com\/en\/wp-json\/wp\/v2\/users\/8"}],"replies":[{"embeddable":true,"href":"https:\/\/laudenlaw.com\/en\/wp-json\/wp\/v2\/comments?post=6789"}],"version-history":[{"count":4,"href":"https:\/\/laudenlaw.com\/en\/wp-json\/wp\/v2\/pages\/6789\/revisions"}],"predecessor-version":[{"id":6811,"href":"https:\/\/laudenlaw.com\/en\/wp-json\/wp\/v2\/pages\/6789\/revisions\/6811"}],"up":[{"embeddable":true,"href":"https:\/\/laudenlaw.com\/en\/wp-json\/wp\/v2\/pages\/11"}],"wp:attachment":[{"href":"https:\/\/laudenlaw.com\/en\/wp-json\/wp\/v2\/media?parent=6789"}],"curies":[{"name":"wp","href":"https:\/\/api.w.org\/{rel}","templated":true}]}}