{"id":995,"date":"2019-05-27T20:28:13","date_gmt":"2019-05-28T01:28:13","guid":{"rendered":"https:\/\/laudenlaw.com\/?page_id=995"},"modified":"2024-12-26T12:42:19","modified_gmt":"2024-12-26T17:42:19","slug":"oscar-ibanez","status":"publish","type":"page","link":"https:\/\/laudenlaw.com\/en\/profesionales\/oscar-ibanez\/","title":{"rendered":"Oscar Ib\u00e1\u00f1ez Parra"},"content":{"rendered":"<div class=\"wpb-content-wrapper\"><p>[vc_row el_class=&#8221;page_head&#8221;][vc_column][vc_row_inner el_class=&#8221;main&#8221;][vc_column_inner][vc_custom_heading text=&#8221;Profesionales&#8221; font_container=&#8221;tag:h1|text_align:center|color:%23ffffff&#8221; use_theme_fonts=&#8221;yes&#8221;][\/vc_column_inner][\/vc_row_inner][vc_raw_html]JTVCQnJlYWRjcnVtYiU1RA==[\/vc_raw_html][\/vc_column][\/vc_row][vc_row el_class=&#8221;main&#8221; css=&#8221;.vc_custom_1526257036926{padding-top: 30px !important;padding-bottom: 30px !important;}&#8221;][vc_column width=&#8221;1\/4&#8243;][vc_single_image image=&#8221;1194&#8243; img_size=&#8221;full&#8221; el_class=&#8221;profile&#8221;][\/vc_column][vc_column width=&#8221;3\/4&#8243;][vc_custom_heading text=&#8221;Oscar Ib\u00e1\u00f1ez Parra&#8221; use_theme_fonts=&#8221;yes&#8221;][vc_row_inner][vc_column_inner el_class=&#8221;profile_data&#8221; width=&#8221;1\/3&#8243;][vc_single_image image=&#8221;89&#8243; img_size=&#8221;full&#8221; el_class=&#8221;ic_small&#8221;][vc_column_text]<a href=\"mailto:info@laudenlaw.com\">info@laudenlaw.com<\/a>[\/vc_column_text][\/vc_column_inner][\/vc_row_inner][vc_column_text]Oscar combina la actividad docente con la asesor\u00eda y el litigio en derecho administrativo, contractual, sancionatorio y de prevenci\u00f3n del da\u00f1o antijur\u00eddico a diferentes entidades estatales del nivel nacional y territorial, defensa en procesos sancionatorios ante la PGN y de responsabilidad fiscal ante la CGR. Fue Investigador y Director del Departamento de Derecho Econ\u00f3mico de la Escuela de Derecho de la Universidad Sergio Arboleda, Joven Investigador de la Facultad de Jurisprudencia de la Universidad del Rosario, y profesor de C\u00e1tedra en la Universidad Libre de Colombia. C\u00f3mo ex-Procurador Judicial II, intervino en casos de mayor cuant\u00eda relacionados con infraestructura, as\u00ed como en asuntos relacionados con la nulidad de actos sancionatorios y de regulaci\u00f3n.\u00a0 En su calidad de ex-Gerente de Litigios de la Agencia Nacional de Infraestructura, intervino en m\u00e1s de 20 tribunales de arbitramento de mayor cuant\u00eda.\u00a0 Su labor fue reconocida en la Revista Dinero, como uno de los abogados de mayor reconocimiento en victorias a favor del Estado, acumulando cuant\u00edas a favor del Estado por m\u00e1s de quinientos mil millones de pesos, y conciliaciones favorables para la administraci\u00f3n por m\u00e1s de veinte millones de d\u00f3lares.[\/vc_column_text][\/vc_column][\/vc_row][vc_row el_class=&#8221;gray_file&#8221; css=&#8221;.vc_custom_1526256555854{border-bottom-width: 30px !important;padding-top: 30px !important;}&#8221;][vc_column][vc_row_inner el_class=&#8221;main&#8221;][vc_column_inner width=&#8221;1\/4&#8243;][vc_custom_heading text=&#8221;Participaciones Relevantes&#8221; use_theme_fonts=&#8221;yes&#8221;][\/vc_column_inner][vc_column_inner width=&#8221;3\/4&#8243;][vc_column_text]En la actualidad se desempe\u00f1a como asesor y apoderado de distintas entidades del nivel nacional y territorial, tales como la ANTV, Instituto de Concesiones de Cundinamarca -ICCU-, ANT, Alcald\u00eda de Cartagena, Findeter-Fidubogota, Gobernaci\u00f3n del Valle del Cauca, as\u00ed como apoderado en procesos arbitrales de mayor cuant\u00eda. Es profesor de Contrataci\u00f3n Estatal y Procedimientos Administrativos en la Facultad de Jurisprudencia de la Universidad del Rosario, de Control Jurisdiccional de los actos sancionatorios de la SIC en la Facultad de Derecho de la Universidad Javeriana, y profesor de Arbitraje nacional e internacional en el Centro de Arbitraje y Conciliaci\u00f3n de la C\u00e1mara de Comercio de Cali. Ha publicado diversos art\u00edculos sobre derecho administrativo, derecho de la competencia y un C\u00f3digo Comentado sobre Derecho Electoral colombiano.[\/vc_column_text][\/vc_column_inner][\/vc_row_inner][\/vc_column][\/vc_row][vc_row css=&#8221;.vc_custom_1526256597147{border-bottom-width: 30px !important;padding-top: 30px !important;}&#8221;][vc_column][vc_row_inner el_class=&#8221;main&#8221;][vc_column_inner width=&#8221;1\/4&#8243;][vc_custom_heading text=&#8221;Educaci\u00f3n&#8221; use_theme_fonts=&#8221;yes&#8221;][\/vc_column_inner][vc_column_inner width=&#8221;3\/4&#8243;][vc_column_text]<\/p>\n<ul>\n<li><strong>Doctorado en Derecho.<\/strong> Universidad Alfonso X El Sabio (Tesis Sobresaliente Cum Laude por unanimidad en Derecho de la Competencia).<\/li>\n<li><strong>Maestr\u00eda\/Magister en Derecho.<\/strong> Universidad Sergio Arboleda y Especialista en Derecho Administrativo de la Universidad del Rosario.<\/li>\n<li>Universidad de la Sabana, Colombia.<\/li>\n<li>Diplomado del <em>Washington College of Law de American University en International Commercial Arbitration y en American Legal System.<\/em><\/li>\n<\/ul>\n<p>[\/vc_column_text][\/vc_column_inner][\/vc_row_inner][\/vc_column][\/vc_row][vc_row el_class=&#8221;gray_file&#8221; css=&#8221;.vc_custom_1526256555854{border-bottom-width: 30px !important;padding-top: 30px !important;}&#8221;][vc_column][vc_row_inner el_class=&#8221;main&#8221;][vc_column_inner width=&#8221;1\/4&#8243;][vc_custom_heading text=&#8221;Admisiones y Calificaciones&#8221; use_theme_fonts=&#8221;yes&#8221;][\/vc_column_inner][vc_column_inner width=&#8221;3\/4&#8243;][vc_column_text]<\/p>\n<ul>\n<li>Colombia<\/li>\n<\/ul>\n<p>[\/vc_column_text][\/vc_column_inner][\/vc_row_inner][\/vc_column][\/vc_row][vc_row css=&#8221;.vc_custom_1526256597147{border-bottom-width: 30px !important;padding-top: 30px !important;}&#8221;][vc_column][vc_row_inner el_class=&#8221;main&#8221;][vc_column_inner width=&#8221;1\/4&#8243;][vc_custom_heading text=&#8221;Idiomas&#8221; use_theme_fonts=&#8221;yes&#8221;][\/vc_column_inner][vc_column_inner width=&#8221;3\/4&#8243;][vc_column_text]<\/p>\n<ul>\n<li>Espa\u00f1ol<\/li>\n<li>Ingl\u00e9s<\/li>\n<\/ul>\n<p>[\/vc_column_text][\/vc_column_inner][\/vc_row_inner][\/vc_column][\/vc_row][vc_row el_class=&#8221;gray_file&#8221; css=&#8221;.vc_custom_1526256555854{border-bottom-width: 30px !important;padding-top: 30px !important;}&#8221;][vc_column offset=&#8221;vc_hidden-lg vc_hidden-md vc_hidden-sm vc_hidden-xs&#8221;][vc_row_inner el_class=&#8221;main&#8221;][vc_column_inner width=&#8221;1\/4&#8243;][vc_custom_heading text=&#8221;Publicaciones&#8221; use_theme_fonts=&#8221;yes&#8221;][\/vc_column_inner][vc_column_inner width=&#8221;3\/4&#8243;][vc_column_text]<\/p>\n<ul>\n<li>La<\/li>\n<\/ul>\n<p>[\/vc_column_text][\/vc_column_inner][\/vc_row_inner][\/vc_column][\/vc_row][vc_row][vc_column][vc_row_inner el_class=&#8221;main&#8221;][vc_column_inner width=&#8221;1\/4&#8243;][vc_custom_heading text=&#8221;Membres\u00edas&#8221; use_theme_fonts=&#8221;yes&#8221;][\/vc_column_inner][vc_column_inner width=&#8221;3\/4&#8243;][vc_column_text]<\/p>\n<ul>\n<li>International Bar Association<\/li>\n<li>American Society of International Law<\/li>\n<li>Institute for Transnational Arbitration<\/li>\n<li>American Bar Association<\/li>\n<li>Foro del Arbitraje Ecuador www.arbitrajeecuador.com<\/li>\n<\/ul>\n<p>[\/vc_column_text][\/vc_column_inner][\/vc_row_inner][\/vc_column][\/vc_row]<\/p>\n<\/div>","protected":false},"excerpt":{"rendered":"<p>[vc_row el_class=&#8221;page_head&#8221;][vc_column][vc_row_inner el_class=&#8221;main&#8221;][vc_column_inner][vc_custom_heading text=&#8221;Profesionales&#8221; font_container=&#8221;tag:h1|text_align:center|color:%23ffffff&#8221; use_theme_fonts=&#8221;yes&#8221;][\/vc_column_inner][\/vc_row_inner][vc_raw_html]JTVCQnJlYWRjcnVtYiU1RA==[\/vc_raw_html][\/vc_column][\/vc_row][vc_row el_class=&#8221;main&#8221; css=&#8221;.vc_custom_1526257036926{padding-top: 30px !important;padding-bottom: 30px !important;}&#8221;][vc_column width=&#8221;1\/4&#8243;][vc_single_image image=&#8221;1194&#8243; img_size=&#8221;full&#8221; el_class=&#8221;profile&#8221;][\/vc_column][vc_column width=&#8221;3\/4&#8243;][vc_custom_heading text=&#8221;Oscar Ib\u00e1\u00f1ez Parra&#8221; use_theme_fonts=&#8221;yes&#8221;][vc_row_inner][vc_column_inner el_class=&#8221;profile_data&#8221; width=&#8221;1\/3&#8243;][vc_single_image image=&#8221;89&#8243; img_size=&#8221;full&#8221; el_class=&#8221;ic_small&#8221;][vc_column_text]info@laudenlaw.com[\/vc_column_text][\/vc_column_inner][\/vc_row_inner][vc_column_text]Oscar combina la actividad docente con la asesor\u00eda y el litigio en derecho administrativo, contractual, sancionatorio y de prevenci\u00f3n del da\u00f1o antijur\u00eddico a diferentes entidades estatales del nivel nacional y&#8230; <a href=\"https:\/\/laudenlaw.com\/en\/profesionales\/oscar-ibanez\/\" class=\"more\">Ver m\u00e1s<\/a><\/p>\n","protected":false},"author":2,"featured_media":5206,"parent":11,"menu_order":0,"comment_status":"closed","ping_status":"closed","template":"page-composer.php","meta":{"nf_dc_page":"","content-type":"","_monsterinsights_skip_tracking":false,"_monsterinsights_sitenote_active":false,"_monsterinsights_sitenote_note":"","_monsterinsights_sitenote_category":0,"_uf_show_specific_survey":0,"_uf_disable_surveys":false,"footnotes":""},"class_list":["post-995","page","type-page","status-publish","has-post-thumbnail","hentry"],"aioseo_notices":[],"jetpack_sharing_enabled":true,"_links":{"self":[{"href":"https:\/\/laudenlaw.com\/en\/wp-json\/wp\/v2\/pages\/995","targetHints":{"allow":["GET"]}}],"collection":[{"href":"https:\/\/laudenlaw.com\/en\/wp-json\/wp\/v2\/pages"}],"about":[{"href":"https:\/\/laudenlaw.com\/en\/wp-json\/wp\/v2\/types\/page"}],"author":[{"embeddable":true,"href":"https:\/\/laudenlaw.com\/en\/wp-json\/wp\/v2\/users\/2"}],"replies":[{"embeddable":true,"href":"https:\/\/laudenlaw.com\/en\/wp-json\/wp\/v2\/comments?post=995"}],"version-history":[{"count":6,"href":"https:\/\/laudenlaw.com\/en\/wp-json\/wp\/v2\/pages\/995\/revisions"}],"predecessor-version":[{"id":5829,"href":"https:\/\/laudenlaw.com\/en\/wp-json\/wp\/v2\/pages\/995\/revisions\/5829"}],"up":[{"embeddable":true,"href":"https:\/\/laudenlaw.com\/en\/wp-json\/wp\/v2\/pages\/11"}],"wp:featuredmedia":[{"embeddable":true,"href":"https:\/\/laudenlaw.com\/en\/wp-json\/wp\/v2\/media\/5206"}],"wp:attachment":[{"href":"https:\/\/laudenlaw.com\/en\/wp-json\/wp\/v2\/media?parent=995"}],"curies":[{"name":"wp","href":"https:\/\/api.w.org\/{rel}","templated":true}]}}